{"id":9,"date":"2018-01-15T23:26:41","date_gmt":"2018-01-15T22:26:41","guid":{"rendered":"http:\/\/ecolelibrelamorteau.be\/?page_id=9"},"modified":"2025-08-22T12:10:32","modified_gmt":"2025-08-22T10:10:32","slug":"lequipe","status":"publish","type":"page","link":"https:\/\/ecolelibrelamorteau.be\/index.php\/lequipe\/","title":{"rendered":"Les parents"},"content":{"rendered":"<h1><span style=\"font-size: 32px; color: #008000;\">Membres du comit\u00e9 de parents:<\/span><\/h1>\n<p>Monsieur Comandini Julien (papa de Harry -P1) : Pr\u00e9sident &#8211; secr\u00e9taire<\/p>\n<p>Madame Succard Ang\u00e9lique (maman de Adrian &#8211; P2) : Tr\u00e9sori\u00e8re<\/p>\n<p>Madame Hendrick &#8211; Rouyer Kelly (maman de L\u00e9o &#8211; P3)<\/p>\n<p>Madame Lambotte &#8211; Rouyer M\u00e9lanie (maman d&rsquo;El\u00e9na &#8211; P3)<\/p>\n<p>Madame Kneip H\u00e9l\u00e8ne (maman d&rsquo;In\u00e8s et Lucie &#8211; P2 et M2)<\/p>\n<p>Monsieur Gigi Olivier (papa de Nell &#8211; P1)<\/p>\n<p>Monsieur Nicolas Jonathan (papa d&rsquo;Olivia &#8211; P1)<\/p>\n<p>Monsieur Zinger Jonathan (papa d&rsquo;Ilyana &#8211; P1)<\/p>\n<p>Monsieur Arnaud Dewart (papa de Sacha &#8211; P1)<\/p>\n<p>Monsieur Gresse Vincent (papa de Romain et No\u00e9 &#8211; P1 et M1)<\/p>\n","protected":false},"excerpt":{"rendered":"<p>Membres du comit\u00e9 de parents: Monsieur Comandini Julien (papa de Harry -P1) : Pr\u00e9sident &#8211; secr\u00e9taire Madame Succard Ang\u00e9lique (maman de Adrian &#8211; P2) : Tr\u00e9sori\u00e8re Madame Hendrick &#8211; Rouyer Kelly (maman de L\u00e9o &#8211;<a class=\"read-more\" href=\"https:\/\/ecolelibrelamorteau.be\/index.php\/lequipe\/\">Continue reading<\/a><\/p>\n","protected":false},"author":1,"featured_media":0,"parent":0,"menu_order":0,"comment_status":"closed","ping_status":"closed","template":"","meta":[],"yoast_head":"<!-- This site is optimized with the Yoast SEO plugin v15.9 - https:\/\/yoast.com\/wordpress\/plugins\/seo\/ -->\n<title>Les parents - Ecole libre fondamentale - Lamorteau<\/title>\n<meta name=\"robots\" content=\"index, follow, max-snippet:-1, max-image-preview:large, max-video-preview:-1\" \/>\n<link rel=\"canonical\" href=\"https:\/\/ecolelibrelamorteau.be\/index.php\/lequipe\/\" \/>\n<meta property=\"og:locale\" content=\"fr_FR\" \/>\n<meta property=\"og:type\" content=\"article\" \/>\n<meta property=\"og:title\" content=\"Les parents - Ecole libre fondamentale - Lamorteau\" \/>\n<meta property=\"og:description\" content=\"Membres du comit\u00e9 de parents: Monsieur Comandini Julien (papa de Harry -P1) : Pr\u00e9sident &#8211; secr\u00e9taire Madame Succard Ang\u00e9lique (maman de Adrian &#8211; P2) : Tr\u00e9sori\u00e8re Madame Hendrick &#8211; Rouyer Kelly (maman de L\u00e9o &#8211;Continue reading\" \/>\n<meta property=\"og:url\" content=\"https:\/\/ecolelibrelamorteau.be\/index.php\/lequipe\/\" \/>\n<meta property=\"og:site_name\" content=\"Ecole libre fondamentale - Lamorteau\" \/>\n<meta property=\"article:modified_time\" content=\"2025-08-22T10:10:32+00:00\" \/>\n<meta name=\"twitter:card\" content=\"summary_large_image\" \/>\n<meta name=\"twitter:label1\" content=\"Dur\u00e9e de lecture est.\">\n\t<meta name=\"twitter:data1\" content=\"1 minute\">\n<script type=\"application\/ld+json\" class=\"yoast-schema-graph\">{\"@context\":\"https:\/\/schema.org\",\"@graph\":[{\"@type\":\"WebSite\",\"@id\":\"https:\/\/ecolelibrelamorteau.be\/#website\",\"url\":\"https:\/\/ecolelibrelamorteau.be\/\",\"name\":\"Ecole libre fondamentale - Lamorteau\",\"description\":\"Toutes les fleurs de l&#039;avenir sont dans les semences d&#039;aujourd&#039;hui...\",\"potentialAction\":[{\"@type\":\"SearchAction\",\"target\":\"https:\/\/ecolelibrelamorteau.be\/?s={search_term_string}\",\"query-input\":\"required name=search_term_string\"}],\"inLanguage\":\"fr-FR\"},{\"@type\":\"WebPage\",\"@id\":\"https:\/\/ecolelibrelamorteau.be\/index.php\/lequipe\/#webpage\",\"url\":\"https:\/\/ecolelibrelamorteau.be\/index.php\/lequipe\/\",\"name\":\"Les parents - Ecole libre fondamentale - Lamorteau\",\"isPartOf\":{\"@id\":\"https:\/\/ecolelibrelamorteau.be\/#website\"},\"datePublished\":\"2018-01-15T22:26:41+00:00\",\"dateModified\":\"2025-08-22T10:10:32+00:00\",\"breadcrumb\":{\"@id\":\"https:\/\/ecolelibrelamorteau.be\/index.php\/lequipe\/#breadcrumb\"},\"inLanguage\":\"fr-FR\",\"potentialAction\":[{\"@type\":\"ReadAction\",\"target\":[\"https:\/\/ecolelibrelamorteau.be\/index.php\/lequipe\/\"]}]},{\"@type\":\"BreadcrumbList\",\"@id\":\"https:\/\/ecolelibrelamorteau.be\/index.php\/lequipe\/#breadcrumb\",\"itemListElement\":[{\"@type\":\"ListItem\",\"position\":1,\"item\":{\"@type\":\"WebPage\",\"@id\":\"https:\/\/ecolelibrelamorteau.be\/\",\"url\":\"https:\/\/ecolelibrelamorteau.be\/\",\"name\":\"Accueil\"}},{\"@type\":\"ListItem\",\"position\":2,\"item\":{\"@type\":\"WebPage\",\"@id\":\"https:\/\/ecolelibrelamorteau.be\/index.php\/lequipe\/\",\"url\":\"https:\/\/ecolelibrelamorteau.be\/index.php\/lequipe\/\",\"name\":\"Les parents\"}}]}]}<\/script>\n<!-- \/ Yoast SEO plugin. -->","_links":{"self":[{"href":"https:\/\/ecolelibrelamorteau.be\/index.php\/wp-json\/wp\/v2\/pages\/9"}],"collection":[{"href":"https:\/\/ecolelibrelamorteau.be\/index.php\/wp-json\/wp\/v2\/pages"}],"about":[{"href":"https:\/\/ecolelibrelamorteau.be\/index.php\/wp-json\/wp\/v2\/types\/page"}],"author":[{"embeddable":true,"href":"https:\/\/ecolelibrelamorteau.be\/index.php\/wp-json\/wp\/v2\/users\/1"}],"replies":[{"embeddable":true,"href":"https:\/\/ecolelibrelamorteau.be\/index.php\/wp-json\/wp\/v2\/comments?post=9"}],"version-history":[{"count":6,"href":"https:\/\/ecolelibrelamorteau.be\/index.php\/wp-json\/wp\/v2\/pages\/9\/revisions"}],"predecessor-version":[{"id":4862,"href":"https:\/\/ecolelibrelamorteau.be\/index.php\/wp-json\/wp\/v2\/pages\/9\/revisions\/4862"}],"wp:attachment":[{"href":"https:\/\/ecolelibrelamorteau.be\/index.php\/wp-json\/wp\/v2\/media?parent=9"}],"curies":[{"name":"wp","href":"https:\/\/api.w.org\/{rel}","templated":true}]}}