{"id":28,"date":"2018-01-16T09:33:51","date_gmt":"2018-01-16T08:33:51","guid":{"rendered":"http:\/\/ecolelibrelamorteau.be\/?page_id=28"},"modified":"2025-09-04T09:41:05","modified_gmt":"2025-09-04T07:41:05","slug":"documents-et-inscriptions","status":"publish","type":"page","link":"https:\/\/ecolelibrelamorteau.be\/index.php\/documents-et-inscriptions\/","title":{"rendered":"Documents et inscriptions"},"content":{"rendered":"<h1 style=\"text-align: justify;\"><span style=\"color: #008000; font-size: 20px;\">Chers parents,<\/span><\/h1>\n<h1 style=\"text-align: justify;\"><span style=\"color: #008000; font-size: 20px;\">pour un renseignement,\u00a0 une visite de l&rsquo;\u00e9cole\u00a0 ou une inscription,\u00a0 merci de vous adresser \u00e0 Mme Emilie Arnould,\u00a0 la directrice de l&rsquo;\u00e9cole.\u00a0 <\/span><\/h1>\n<h1 style=\"text-align: justify;\"><span style=\"color: #008000; font-size: 20px;\">Il est possible de la joindre au <a href=\"tel:0479\/51.46.31\" target=\"_blank\" rel=\"noopener noreferrer\">0479\/51.46.31<\/a>\u00a0ou via l&rsquo;adresse :\u00a0<a href=\"mailto:eclamorteau@skynet.be\" target=\"_blank\" rel=\"noopener noreferrer\">emiliearnould@ecolelibrelamorteau<\/a>\u00a0. <\/span><\/h1>\n<h1 style=\"text-align: justify;\"><span style=\"color: #008000; font-size: 20px;\">Nous vous remercions et vous prions d&rsquo;accepter nos sinc\u00e8res salutations .<\/span><\/h1>\n<h1><\/h1>\n<p>&nbsp;<\/p>\n<h1><span style=\"color: #008000;\">Documents \u00e0 remplir pour l&rsquo;inscription:<\/span><\/h1>\n<p><span style=\"color: #00ff00; font-size: 20px;\"><a style=\"color: #00ff00;\" href=\"http:\/\/ecolelibrelamorteau.be\/wp-content\/uploads\/2018\/05\/R\u00e8glement-g\u00e9n\u00e9ral.pdf\">R\u00e8glement g\u00e9n\u00e9ral \u00e0 t\u00e9l\u00e9charger et \u00e0 signer<\/a><\/span><\/p>\n<p><span style=\"font-size: 20px; color: #00ff00;\"><a style=\"color: #00ff00;\" href=\"http:\/\/ecolelibrelamorteau.be\/wp-content\/uploads\/2018\/05\/R\u00e8glement-\u00e0-la-cantine-1.pdf\">R\u00e8glement \u00e0 la cantine \u00e0 t\u00e9l\u00e9charger et \u00e0 signer<\/a><\/span><\/p>\n<p><span style=\"font-size: 20px;\"><a href=\"http:\/\/ecolelibrelamorteau.be\/wp-content\/uploads\/2018\/02\/document-inscription-1.pdf\">Fiche de renseignements 1 \u00e0 t\u00e9l\u00e9charger et \u00e0 compl\u00e9ter<\/a><\/span><\/p>\n<p><span style=\"font-size: 20px;\"><a href=\"http:\/\/ecolelibrelamorteau.be\/wp-content\/uploads\/2018\/02\/document-inscription-2.pdf\">Fiche de renseignements 2 \u00e0 t\u00e9l\u00e9charger et \u00e0 compl\u00e9ter<\/a><\/span><\/p>\n<p>+ Joindre une composition de m\u00e9nage pour les parents r\u00e9sidant en Belgique et une attestation de filiation \u00e0 se procurer \u00e0 l\u2019\u00e9cole pour les parents r\u00e9sidant en France.<\/p>\n<p>&nbsp;<\/p>\n<h1><span style=\"color: #008000;\">Document \u00e0 remplir en cas d&rsquo;absence:<\/span><\/h1>\n<p><a href=\"http:\/\/ecolelibrelamorteau.be\/wp-content\/uploads\/2018\/03\/justification-dabsence.pdf\">justification d&rsquo;absence<\/a><\/p>\n<p>A partir de 3 jours d\u2019absence, l\u2019enfant est tenu de fournir un certificat m\u00e9dical.<\/p>\n<p>&nbsp;<\/p>\n<h1><span style=\"color: #008000;\">Document \u00e0 remplir pour l&rsquo;accueil temps libre<\/span><\/h1>\n<p><a href=\"https:\/\/ecolelibrelamorteau.be\/wp-content\/uploads\/2024\/12\/Horaires-a-completer-parents-accueil-extrascolaire-actulise.pdf\">Les horaires \u00e0 compl\u00e9ter<\/a><\/p>\n<p>&nbsp;<\/p>\n<h1><span style=\"color: #008000;\">Document \u00e0 remplir pour l&rsquo;accueil temps libre<\/span><\/h1>\n<p><!--StartFragment --> <a href=\"https:\/\/lamorteau-my.sharepoint.com\/:b:\/g\/personal\/emiliearnould_ecolelibrelamorteau_be\/EQyExe5ZfORCmncdZqtOFsMBGrLubJtVrRPi0S7eKZhrKg?e=vy6Akm\">Estimation des frais pour les parents 2025-2026.pdf<\/a><\/p>\n<p>&nbsp;<\/p>\n","protected":false},"excerpt":{"rendered":"<p>Chers parents, pour un renseignement,\u00a0 une visite de l&rsquo;\u00e9cole\u00a0 ou une inscription,\u00a0 merci de vous adresser \u00e0 Mme Emilie Arnould,\u00a0 la directrice de l&rsquo;\u00e9cole.\u00a0 Il est possible de la joindre au 0479\/51.46.31\u00a0ou via l&rsquo;adresse :\u00a0emiliearnould@ecolelibrelamorteau\u00a0.<a class=\"read-more\" href=\"https:\/\/ecolelibrelamorteau.be\/index.php\/documents-et-inscriptions\/\">Continue reading<\/a><\/p>\n","protected":false},"author":1,"featured_media":0,"parent":0,"menu_order":0,"comment_status":"closed","ping_status":"closed","template":"","meta":[],"yoast_head":"<!-- This site is optimized with the Yoast SEO plugin v15.9 - https:\/\/yoast.com\/wordpress\/plugins\/seo\/ -->\n<title>Documents et inscriptions - Ecole libre fondamentale - Lamorteau<\/title>\n<meta name=\"robots\" content=\"index, follow, max-snippet:-1, max-image-preview:large, max-video-preview:-1\" \/>\n<link rel=\"canonical\" href=\"https:\/\/ecolelibrelamorteau.be\/index.php\/documents-et-inscriptions\/\" \/>\n<meta property=\"og:locale\" content=\"fr_FR\" \/>\n<meta property=\"og:type\" content=\"article\" \/>\n<meta property=\"og:title\" content=\"Documents et inscriptions - Ecole libre fondamentale - Lamorteau\" \/>\n<meta property=\"og:description\" content=\"Chers parents, pour un renseignement,\u00a0 une visite de l&rsquo;\u00e9cole\u00a0 ou une inscription,\u00a0 merci de vous adresser \u00e0 Mme Emilie Arnould,\u00a0 la directrice de l&rsquo;\u00e9cole.\u00a0 Il est possible de la joindre au 0479\/51.46.31\u00a0ou via l&rsquo;adresse :\u00a0emiliearnould@ecolelibrelamorteau\u00a0.Continue reading\" \/>\n<meta property=\"og:url\" content=\"https:\/\/ecolelibrelamorteau.be\/index.php\/documents-et-inscriptions\/\" \/>\n<meta property=\"og:site_name\" content=\"Ecole libre fondamentale - Lamorteau\" \/>\n<meta property=\"article:modified_time\" content=\"2025-09-04T07:41:05+00:00\" \/>\n<meta name=\"twitter:card\" content=\"summary_large_image\" \/>\n<meta name=\"twitter:label1\" content=\"Dur\u00e9e de lecture est.\">\n\t<meta name=\"twitter:data1\" content=\"1 minute\">\n<script type=\"application\/ld+json\" class=\"yoast-schema-graph\">{\"@context\":\"https:\/\/schema.org\",\"@graph\":[{\"@type\":\"WebSite\",\"@id\":\"https:\/\/ecolelibrelamorteau.be\/#website\",\"url\":\"https:\/\/ecolelibrelamorteau.be\/\",\"name\":\"Ecole libre fondamentale - Lamorteau\",\"description\":\"Toutes les fleurs de l&#039;avenir sont dans les semences d&#039;aujourd&#039;hui...\",\"potentialAction\":[{\"@type\":\"SearchAction\",\"target\":\"https:\/\/ecolelibrelamorteau.be\/?s={search_term_string}\",\"query-input\":\"required name=search_term_string\"}],\"inLanguage\":\"fr-FR\"},{\"@type\":\"WebPage\",\"@id\":\"https:\/\/ecolelibrelamorteau.be\/index.php\/documents-et-inscriptions\/#webpage\",\"url\":\"https:\/\/ecolelibrelamorteau.be\/index.php\/documents-et-inscriptions\/\",\"name\":\"Documents et inscriptions - Ecole libre fondamentale - Lamorteau\",\"isPartOf\":{\"@id\":\"https:\/\/ecolelibrelamorteau.be\/#website\"},\"datePublished\":\"2018-01-16T08:33:51+00:00\",\"dateModified\":\"2025-09-04T07:41:05+00:00\",\"breadcrumb\":{\"@id\":\"https:\/\/ecolelibrelamorteau.be\/index.php\/documents-et-inscriptions\/#breadcrumb\"},\"inLanguage\":\"fr-FR\",\"potentialAction\":[{\"@type\":\"ReadAction\",\"target\":[\"https:\/\/ecolelibrelamorteau.be\/index.php\/documents-et-inscriptions\/\"]}]},{\"@type\":\"BreadcrumbList\",\"@id\":\"https:\/\/ecolelibrelamorteau.be\/index.php\/documents-et-inscriptions\/#breadcrumb\",\"itemListElement\":[{\"@type\":\"ListItem\",\"position\":1,\"item\":{\"@type\":\"WebPage\",\"@id\":\"https:\/\/ecolelibrelamorteau.be\/\",\"url\":\"https:\/\/ecolelibrelamorteau.be\/\",\"name\":\"Accueil\"}},{\"@type\":\"ListItem\",\"position\":2,\"item\":{\"@type\":\"WebPage\",\"@id\":\"https:\/\/ecolelibrelamorteau.be\/index.php\/documents-et-inscriptions\/\",\"url\":\"https:\/\/ecolelibrelamorteau.be\/index.php\/documents-et-inscriptions\/\",\"name\":\"Documents et inscriptions\"}}]}]}<\/script>\n<!-- \/ Yoast SEO plugin. -->","_links":{"self":[{"href":"https:\/\/ecolelibrelamorteau.be\/index.php\/wp-json\/wp\/v2\/pages\/28"}],"collection":[{"href":"https:\/\/ecolelibrelamorteau.be\/index.php\/wp-json\/wp\/v2\/pages"}],"about":[{"href":"https:\/\/ecolelibrelamorteau.be\/index.php\/wp-json\/wp\/v2\/types\/page"}],"author":[{"embeddable":true,"href":"https:\/\/ecolelibrelamorteau.be\/index.php\/wp-json\/wp\/v2\/users\/1"}],"replies":[{"embeddable":true,"href":"https:\/\/ecolelibrelamorteau.be\/index.php\/wp-json\/wp\/v2\/comments?post=28"}],"version-history":[{"count":29,"href":"https:\/\/ecolelibrelamorteau.be\/index.php\/wp-json\/wp\/v2\/pages\/28\/revisions"}],"predecessor-version":[{"id":4880,"href":"https:\/\/ecolelibrelamorteau.be\/index.php\/wp-json\/wp\/v2\/pages\/28\/revisions\/4880"}],"wp:attachment":[{"href":"https:\/\/ecolelibrelamorteau.be\/index.php\/wp-json\/wp\/v2\/media?parent=28"}],"curies":[{"name":"wp","href":"https:\/\/api.w.org\/{rel}","templated":true}]}}