{"id":258,"date":"2018-05-01T21:41:58","date_gmt":"2018-05-01T19:41:58","guid":{"rendered":"http:\/\/ecolelibrelamorteau.be\/?page_id=258"},"modified":"2025-08-22T12:04:33","modified_gmt":"2025-08-22T10:04:33","slug":"reglement-de-la-cantine","status":"publish","type":"page","link":"https:\/\/ecolelibrelamorteau.be\/index.php\/reglement-de-la-cantine\/","title":{"rendered":"R\u00e8glement de la cantine"},"content":{"rendered":"<p><a href=\"http:\/\/ecolelibrelamorteau.be\/wp-content\/uploads\/2018\/05\/R\u00e8glement-\u00e0-la-cantine-1.pdf\">R\u00e8glement \u00e0 la cantine<\/a><\/p>\n<p><span style=\"font-size: 32px; color: #339966;\"><strong>Pour que le temps de midi se passe bien\u2026<\/strong><\/span><\/p>\n<ul>\n<li><span style=\"font-size: 24px;\">J\u2019accepte la remarque de l\u2019adulte, j\u2019en tiens compte et je fais ce qu\u2019il me demande.<\/span><\/li>\n<li><span style=\"font-size: 24px;\">Je m\u2019exprime avec des mots et des gestes bienveillants.<\/span><\/li>\n<li><span style=\"font-size: 24px;\">J\u2019aide volontiers les dames de midi.<\/span><\/li>\n<\/ul>\n<p>&nbsp;<\/p>\n<p><em><span style=\"font-size: 20px;\">Si manque de respect, violence, vol, \u2026\u00a0:<\/span><\/em><\/p>\n<p>&nbsp;<\/p>\n<ul>\n<li><em><span style=\"font-size: 20px;\">Madame ou la personne qui est pr\u00e9sente \u00e9crit mon pr\u00e9nom sur une feuille.<\/span><\/em><\/li>\n<li><em><span style=\"font-size: 20px;\">Apr\u00e8s trois remarques, papa, maman seront avertis via mon cahier de communication ou mon journal de classe.<\/span><\/em><\/li>\n<li><em><span style=\"font-size: 20px;\"><strong><u>Je devrai alors manger mes tartines pendant une semaine \u00e0 la cigale \u00e0 c\u00f4t\u00e9 des institutrices.<\/u><\/strong><\/span><\/em><\/li>\n<\/ul>\n<p>&nbsp;<\/p>\n<p style=\"padding-left: 30px;\"><span style=\"font-size: 20px;\"><strong><u>Mes parents et moi signons pour montrer notre accord\u00a0:<\/u><\/strong><\/span><\/p>\n<p>&nbsp;<\/p>\n","protected":false},"excerpt":{"rendered":"<p>R\u00e8glement \u00e0 la cantine Pour que le temps de midi se passe bien\u2026 J\u2019accepte la remarque de l\u2019adulte, j\u2019en tiens compte et je fais ce qu\u2019il me demande. Je m\u2019exprime avec des mots et des<a class=\"read-more\" href=\"https:\/\/ecolelibrelamorteau.be\/index.php\/reglement-de-la-cantine\/\">Continue reading<\/a><\/p>\n","protected":false},"author":1,"featured_media":0,"parent":0,"menu_order":0,"comment_status":"closed","ping_status":"closed","template":"","meta":[],"yoast_head":"<!-- This site is optimized with the Yoast SEO plugin v15.9 - https:\/\/yoast.com\/wordpress\/plugins\/seo\/ -->\n<title>R\u00e8glement de la cantine - Ecole libre fondamentale - Lamorteau<\/title>\n<meta name=\"robots\" content=\"index, follow, max-snippet:-1, max-image-preview:large, max-video-preview:-1\" \/>\n<link rel=\"canonical\" href=\"https:\/\/ecolelibrelamorteau.be\/index.php\/reglement-de-la-cantine\/\" \/>\n<meta property=\"og:locale\" content=\"fr_FR\" \/>\n<meta property=\"og:type\" content=\"article\" \/>\n<meta property=\"og:title\" content=\"R\u00e8glement de la cantine - Ecole libre fondamentale - Lamorteau\" \/>\n<meta property=\"og:description\" content=\"R\u00e8glement \u00e0 la cantine Pour que le temps de midi se passe bien\u2026 J\u2019accepte la remarque de l\u2019adulte, j\u2019en tiens compte et je fais ce qu\u2019il me demande. Je m\u2019exprime avec des mots et desContinue reading\" \/>\n<meta property=\"og:url\" content=\"https:\/\/ecolelibrelamorteau.be\/index.php\/reglement-de-la-cantine\/\" \/>\n<meta property=\"og:site_name\" content=\"Ecole libre fondamentale - Lamorteau\" \/>\n<meta property=\"article:modified_time\" content=\"2025-08-22T10:04:33+00:00\" \/>\n<meta name=\"twitter:card\" content=\"summary_large_image\" \/>\n<meta name=\"twitter:label1\" content=\"Dur\u00e9e de lecture est.\">\n\t<meta name=\"twitter:data1\" content=\"1 minute\">\n<script type=\"application\/ld+json\" class=\"yoast-schema-graph\">{\"@context\":\"https:\/\/schema.org\",\"@graph\":[{\"@type\":\"WebSite\",\"@id\":\"https:\/\/ecolelibrelamorteau.be\/#website\",\"url\":\"https:\/\/ecolelibrelamorteau.be\/\",\"name\":\"Ecole libre fondamentale - Lamorteau\",\"description\":\"Toutes les fleurs de l&#039;avenir sont dans les semences d&#039;aujourd&#039;hui...\",\"potentialAction\":[{\"@type\":\"SearchAction\",\"target\":\"https:\/\/ecolelibrelamorteau.be\/?s={search_term_string}\",\"query-input\":\"required name=search_term_string\"}],\"inLanguage\":\"fr-FR\"},{\"@type\":\"WebPage\",\"@id\":\"https:\/\/ecolelibrelamorteau.be\/index.php\/reglement-de-la-cantine\/#webpage\",\"url\":\"https:\/\/ecolelibrelamorteau.be\/index.php\/reglement-de-la-cantine\/\",\"name\":\"R\\u00e8glement de la cantine - Ecole libre fondamentale - Lamorteau\",\"isPartOf\":{\"@id\":\"https:\/\/ecolelibrelamorteau.be\/#website\"},\"datePublished\":\"2018-05-01T19:41:58+00:00\",\"dateModified\":\"2025-08-22T10:04:33+00:00\",\"breadcrumb\":{\"@id\":\"https:\/\/ecolelibrelamorteau.be\/index.php\/reglement-de-la-cantine\/#breadcrumb\"},\"inLanguage\":\"fr-FR\",\"potentialAction\":[{\"@type\":\"ReadAction\",\"target\":[\"https:\/\/ecolelibrelamorteau.be\/index.php\/reglement-de-la-cantine\/\"]}]},{\"@type\":\"BreadcrumbList\",\"@id\":\"https:\/\/ecolelibrelamorteau.be\/index.php\/reglement-de-la-cantine\/#breadcrumb\",\"itemListElement\":[{\"@type\":\"ListItem\",\"position\":1,\"item\":{\"@type\":\"WebPage\",\"@id\":\"https:\/\/ecolelibrelamorteau.be\/\",\"url\":\"https:\/\/ecolelibrelamorteau.be\/\",\"name\":\"Accueil\"}},{\"@type\":\"ListItem\",\"position\":2,\"item\":{\"@type\":\"WebPage\",\"@id\":\"https:\/\/ecolelibrelamorteau.be\/index.php\/reglement-de-la-cantine\/\",\"url\":\"https:\/\/ecolelibrelamorteau.be\/index.php\/reglement-de-la-cantine\/\",\"name\":\"R\\u00e8glement de la cantine\"}}]}]}<\/script>\n<!-- \/ Yoast SEO plugin. -->","_links":{"self":[{"href":"https:\/\/ecolelibrelamorteau.be\/index.php\/wp-json\/wp\/v2\/pages\/258"}],"collection":[{"href":"https:\/\/ecolelibrelamorteau.be\/index.php\/wp-json\/wp\/v2\/pages"}],"about":[{"href":"https:\/\/ecolelibrelamorteau.be\/index.php\/wp-json\/wp\/v2\/types\/page"}],"author":[{"embeddable":true,"href":"https:\/\/ecolelibrelamorteau.be\/index.php\/wp-json\/wp\/v2\/users\/1"}],"replies":[{"embeddable":true,"href":"https:\/\/ecolelibrelamorteau.be\/index.php\/wp-json\/wp\/v2\/comments?post=258"}],"version-history":[{"count":6,"href":"https:\/\/ecolelibrelamorteau.be\/index.php\/wp-json\/wp\/v2\/pages\/258\/revisions"}],"predecessor-version":[{"id":4858,"href":"https:\/\/ecolelibrelamorteau.be\/index.php\/wp-json\/wp\/v2\/pages\/258\/revisions\/4858"}],"wp:attachment":[{"href":"https:\/\/ecolelibrelamorteau.be\/index.php\/wp-json\/wp\/v2\/media?parent=258"}],"curies":[{"name":"wp","href":"https:\/\/api.w.org\/{rel}","templated":true}]}}