{"id":17,"date":"2018-01-16T09:07:52","date_gmt":"2018-01-16T08:07:52","guid":{"rendered":"http:\/\/ecolelibrelamorteau.be\/?page_id=17"},"modified":"2024-12-13T10:33:37","modified_gmt":"2024-12-13T09:33:37","slug":"direction-et-p-o","status":"publish","type":"page","link":"https:\/\/ecolelibrelamorteau.be\/index.php\/direction-et-p-o\/","title":{"rendered":"Pouvoir organisateur"},"content":{"rendered":"<h1 style=\"font-weight: 400;\"><span style=\"font-family: georgia, palatino, serif; color: #008000; font-size: 32px;\">Les membres du Pouvoir Organisateur\u00a0:<\/span><\/h1>\n<ul style=\"list-style-type: circle;\">\n<li style=\"font-weight: 400;\"><span style=\"font-family: georgia, palatino, serif;\">Madame Diswiscourt Coralie, <strong>pr\u00e9sidente<\/strong><\/span><\/li>\n<li style=\"font-weight: 400;\">Madame Tomini Amandine, <strong style=\"font-family: georgia, palatino, serif;\">secr\u00e9taire<\/strong><\/li>\n<li style=\"font-weight: 400;\">Monsieur Clausse Julien, <strong style=\"font-family: georgia, palatino, serif;\">tr\u00e9sorier<\/strong><\/li>\n<li style=\"font-weight: 400;\">Monsieur Fran\u00e7ois Samuel, <strong style=\"font-family: georgia, palatino, serif;\">membre<\/strong><\/li>\n<li style=\"font-weight: 400;\">Madame Antoniazzi Dolor\u00e8s, <strong style=\"font-family: georgia, palatino, serif;\">membre<\/strong><\/li>\n<li style=\"font-weight: 400;\">Monsieur Grare Robin, <strong style=\"font-family: georgia, palatino, serif;\">membre<\/strong><\/li>\n<li style=\"font-weight: 400;\">Monsieur Van Droogenbroek Valentin, <strong style=\"font-family: georgia, palatino, serif;\">membre<\/strong><\/li>\n<li style=\"font-weight: 400;\">Monsieur Navet Philippe, <strong style=\"font-family: georgia, palatino, serif;\">membre<\/strong><\/li>\n<\/ul>\n","protected":false},"excerpt":{"rendered":"<p>Les membres du Pouvoir Organisateur\u00a0: Madame Diswiscourt Coralie, pr\u00e9sidente Madame Tomini Amandine, secr\u00e9taire Monsieur Clausse Julien, tr\u00e9sorier Monsieur Fran\u00e7ois Samuel, membre Madame Antoniazzi Dolor\u00e8s, membre Monsieur Grare Robin, membre Monsieur Van Droogenbroek Valentin, membre Monsieur<a class=\"read-more\" href=\"https:\/\/ecolelibrelamorteau.be\/index.php\/direction-et-p-o\/\">Continue reading<\/a><\/p>\n","protected":false},"author":1,"featured_media":0,"parent":0,"menu_order":0,"comment_status":"closed","ping_status":"closed","template":"","meta":[],"yoast_head":"<!-- This site is optimized with the Yoast SEO plugin v15.9 - https:\/\/yoast.com\/wordpress\/plugins\/seo\/ -->\n<title>Pouvoir organisateur - Ecole libre fondamentale - Lamorteau<\/title>\n<meta name=\"robots\" content=\"index, follow, max-snippet:-1, max-image-preview:large, max-video-preview:-1\" \/>\n<link rel=\"canonical\" href=\"https:\/\/ecolelibrelamorteau.be\/index.php\/direction-et-p-o\/\" \/>\n<meta property=\"og:locale\" content=\"fr_FR\" \/>\n<meta property=\"og:type\" content=\"article\" \/>\n<meta property=\"og:title\" content=\"Pouvoir organisateur - Ecole libre fondamentale - Lamorteau\" \/>\n<meta property=\"og:description\" content=\"Les membres du Pouvoir Organisateur\u00a0: Madame Diswiscourt Coralie, pr\u00e9sidente Madame Tomini Amandine, secr\u00e9taire Monsieur Clausse Julien, tr\u00e9sorier Monsieur Fran\u00e7ois Samuel, membre Madame Antoniazzi Dolor\u00e8s, membre Monsieur Grare Robin, membre Monsieur Van Droogenbroek Valentin, membre MonsieurContinue reading\" \/>\n<meta property=\"og:url\" content=\"https:\/\/ecolelibrelamorteau.be\/index.php\/direction-et-p-o\/\" \/>\n<meta property=\"og:site_name\" content=\"Ecole libre fondamentale - Lamorteau\" \/>\n<meta property=\"article:modified_time\" content=\"2024-12-13T09:33:37+00:00\" \/>\n<meta name=\"twitter:card\" content=\"summary_large_image\" \/>\n<meta name=\"twitter:label1\" content=\"Dur\u00e9e de lecture est.\">\n\t<meta name=\"twitter:data1\" content=\"1 minute\">\n<script type=\"application\/ld+json\" class=\"yoast-schema-graph\">{\"@context\":\"https:\/\/schema.org\",\"@graph\":[{\"@type\":\"WebSite\",\"@id\":\"https:\/\/ecolelibrelamorteau.be\/#website\",\"url\":\"https:\/\/ecolelibrelamorteau.be\/\",\"name\":\"Ecole libre fondamentale - Lamorteau\",\"description\":\"Toutes les fleurs de l&#039;avenir sont dans les semences d&#039;aujourd&#039;hui...\",\"potentialAction\":[{\"@type\":\"SearchAction\",\"target\":\"https:\/\/ecolelibrelamorteau.be\/?s={search_term_string}\",\"query-input\":\"required name=search_term_string\"}],\"inLanguage\":\"fr-FR\"},{\"@type\":\"WebPage\",\"@id\":\"https:\/\/ecolelibrelamorteau.be\/index.php\/direction-et-p-o\/#webpage\",\"url\":\"https:\/\/ecolelibrelamorteau.be\/index.php\/direction-et-p-o\/\",\"name\":\"Pouvoir organisateur - Ecole libre fondamentale - Lamorteau\",\"isPartOf\":{\"@id\":\"https:\/\/ecolelibrelamorteau.be\/#website\"},\"datePublished\":\"2018-01-16T08:07:52+00:00\",\"dateModified\":\"2024-12-13T09:33:37+00:00\",\"breadcrumb\":{\"@id\":\"https:\/\/ecolelibrelamorteau.be\/index.php\/direction-et-p-o\/#breadcrumb\"},\"inLanguage\":\"fr-FR\",\"potentialAction\":[{\"@type\":\"ReadAction\",\"target\":[\"https:\/\/ecolelibrelamorteau.be\/index.php\/direction-et-p-o\/\"]}]},{\"@type\":\"BreadcrumbList\",\"@id\":\"https:\/\/ecolelibrelamorteau.be\/index.php\/direction-et-p-o\/#breadcrumb\",\"itemListElement\":[{\"@type\":\"ListItem\",\"position\":1,\"item\":{\"@type\":\"WebPage\",\"@id\":\"https:\/\/ecolelibrelamorteau.be\/\",\"url\":\"https:\/\/ecolelibrelamorteau.be\/\",\"name\":\"Accueil\"}},{\"@type\":\"ListItem\",\"position\":2,\"item\":{\"@type\":\"WebPage\",\"@id\":\"https:\/\/ecolelibrelamorteau.be\/index.php\/direction-et-p-o\/\",\"url\":\"https:\/\/ecolelibrelamorteau.be\/index.php\/direction-et-p-o\/\",\"name\":\"Pouvoir organisateur\"}}]}]}<\/script>\n<!-- \/ Yoast SEO plugin. -->","_links":{"self":[{"href":"https:\/\/ecolelibrelamorteau.be\/index.php\/wp-json\/wp\/v2\/pages\/17"}],"collection":[{"href":"https:\/\/ecolelibrelamorteau.be\/index.php\/wp-json\/wp\/v2\/pages"}],"about":[{"href":"https:\/\/ecolelibrelamorteau.be\/index.php\/wp-json\/wp\/v2\/types\/page"}],"author":[{"embeddable":true,"href":"https:\/\/ecolelibrelamorteau.be\/index.php\/wp-json\/wp\/v2\/users\/1"}],"replies":[{"embeddable":true,"href":"https:\/\/ecolelibrelamorteau.be\/index.php\/wp-json\/wp\/v2\/comments?post=17"}],"version-history":[{"count":9,"href":"https:\/\/ecolelibrelamorteau.be\/index.php\/wp-json\/wp\/v2\/pages\/17\/revisions"}],"predecessor-version":[{"id":4552,"href":"https:\/\/ecolelibrelamorteau.be\/index.php\/wp-json\/wp\/v2\/pages\/17\/revisions\/4552"}],"wp:attachment":[{"href":"https:\/\/ecolelibrelamorteau.be\/index.php\/wp-json\/wp\/v2\/media?parent=17"}],"curies":[{"name":"wp","href":"https:\/\/api.w.org\/{rel}","templated":true}]}}